{"id":381,"date":"2024-05-08T10:50:22","date_gmt":"2024-05-08T08:50:22","guid":{"rendered":"https:\/\/www.ifa-energyservice.it\/team\/"},"modified":"2024-07-26T17:20:15","modified_gmt":"2024-07-26T15:20:15","slug":"team","status":"publish","type":"page","link":"https:\/\/www.ifa-energyservice.it\/de\/team\/","title":{"rendered":"Team"},"content":{"rendered":"<p><span lang=\"DE\">Unser Expertenteam bietet spezialisierte Beratung f\u00fcr die Umsetzung von Gro\u00dfprojekten im Bereich der Photovoltaik. Von der anf\u00e4nglichen Bewertung bis hin zur Planung und Umsetzung unterst\u00fctzen wir Unternehmen.<\/span><\/p>\n","protected":false},"excerpt":{"rendered":"<p>Unser Expertenteam bietet spezialisierte Beratung f\u00fcr die Umsetzung von Gro\u00dfprojekten im Bereich der Photovoltaik. Von der anf\u00e4nglichen Bewertung bis hin zur Planung und Umsetzung unterst\u00fctzen wir Unternehmen.<\/p>\n","protected":false},"author":1,"featured_media":0,"parent":0,"menu_order":9,"comment_status":"closed","ping_status":"closed","template":"template-team.php","meta":{"_acf_changed":false,"footnotes":""},"class_list":["post-381","page","type-page","status-publish","hentry"],"acf":[],"yoast_head":"<!-- This site is optimized with the Yoast SEO plugin v23.1 - https:\/\/yoast.com\/wordpress\/plugins\/seo\/ -->\n<title>Fotovoltaik-Projekte | IFA Energy<\/title>\n<meta name=\"description\" content=\"Unser Expertenteam ber\u00e4t Sie fachkundig bei der Realisierung von Photovoltaik-Projekten.\" \/>\n<meta name=\"robots\" content=\"index, follow, max-snippet:-1, max-image-preview:large, max-video-preview:-1\" \/>\n<link rel=\"canonical\" href=\"https:\/\/www.ifa-energyservice.it\/de\/team\/\" \/>\n<meta property=\"og:locale\" content=\"de_DE\" \/>\n<meta property=\"og:type\" content=\"article\" \/>\n<meta property=\"og:title\" content=\"Fotovoltaik-Projekte | IFA Energy\" \/>\n<meta property=\"og:description\" content=\"Unser Expertenteam ber\u00e4t Sie fachkundig bei der Realisierung von Photovoltaik-Projekten.\" \/>\n<meta property=\"og:url\" content=\"https:\/\/www.ifa-energyservice.it\/de\/team\/\" \/>\n<meta property=\"og:site_name\" content=\"IFA-Energyservice\" \/>\n<meta property=\"article:modified_time\" content=\"2024-07-26T15:20:15+00:00\" \/>\n<meta name=\"twitter:card\" content=\"summary_large_image\" \/>\n<meta name=\"twitter:label1\" content=\"Gesch\u00e4tzte Lesezeit\" \/>\n\t<meta name=\"twitter:data1\" content=\"2\u00a0Minuten\" \/>\n<script type=\"application\/ld+json\" class=\"yoast-schema-graph\">{\"@context\":\"https:\/\/schema.org\",\"@graph\":[{\"@type\":\"WebPage\",\"@id\":\"https:\/\/www.ifa-energyservice.it\/de\/team\/\",\"url\":\"https:\/\/www.ifa-energyservice.it\/de\/team\/\",\"name\":\"Fotovoltaik-Projekte | IFA Energy\",\"isPartOf\":{\"@id\":\"https:\/\/www.ifa-energyservice.it\/de\/#website\"},\"datePublished\":\"2024-05-08T08:50:22+00:00\",\"dateModified\":\"2024-07-26T15:20:15+00:00\",\"description\":\"Unser Expertenteam ber\u00e4t Sie fachkundig bei der Realisierung von Photovoltaik-Projekten.\",\"breadcrumb\":{\"@id\":\"https:\/\/www.ifa-energyservice.it\/de\/team\/#breadcrumb\"},\"inLanguage\":\"de\",\"potentialAction\":[{\"@type\":\"ReadAction\",\"target\":[\"https:\/\/www.ifa-energyservice.it\/de\/team\/\"]}]},{\"@type\":\"BreadcrumbList\",\"@id\":\"https:\/\/www.ifa-energyservice.it\/de\/team\/#breadcrumb\",\"itemListElement\":[{\"@type\":\"ListItem\",\"position\":1,\"name\":\"Startseite\",\"item\":\"https:\/\/www.ifa-energyservice.it\/de\/home\/\"},{\"@type\":\"ListItem\",\"position\":2,\"name\":\"Team\"}]},{\"@type\":\"WebSite\",\"@id\":\"https:\/\/www.ifa-energyservice.it\/de\/#website\",\"url\":\"https:\/\/www.ifa-energyservice.it\/de\/\",\"name\":\"IFA-Energyservice\",\"description\":\"\",\"publisher\":{\"@id\":\"https:\/\/www.ifa-energyservice.it\/de\/#organization\"},\"potentialAction\":[{\"@type\":\"SearchAction\",\"target\":{\"@type\":\"EntryPoint\",\"urlTemplate\":\"https:\/\/www.ifa-energyservice.it\/de\/?s={search_term_string}\"},\"query-input\":\"required name=search_term_string\"}],\"inLanguage\":\"de\"},{\"@type\":\"Organization\",\"@id\":\"https:\/\/www.ifa-energyservice.it\/de\/#organization\",\"name\":\"IFA-Energyservice\",\"url\":\"https:\/\/www.ifa-energyservice.it\/de\/\",\"logo\":{\"@type\":\"ImageObject\",\"inLanguage\":\"de\",\"@id\":\"https:\/\/www.ifa-energyservice.it\/de\/#\/schema\/logo\/image\/\",\"url\":\"https:\/\/i0.wp.com\/www.ifa-energyservice.it\/wp-content\/uploads\/cropped-favicon.png?fit=512%2C512&ssl=1\",\"contentUrl\":\"https:\/\/i0.wp.com\/www.ifa-energyservice.it\/wp-content\/uploads\/cropped-favicon.png?fit=512%2C512&ssl=1\",\"width\":512,\"height\":512,\"caption\":\"IFA-Energyservice\"},\"image\":{\"@id\":\"https:\/\/www.ifa-energyservice.it\/de\/#\/schema\/logo\/image\/\"}}]}<\/script>\n<!-- \/ Yoast SEO plugin. -->","yoast_head_json":{"title":"Fotovoltaik-Projekte | IFA Energy","description":"Unser Expertenteam ber\u00e4t Sie fachkundig bei der Realisierung von Photovoltaik-Projekten.","robots":{"index":"index","follow":"follow","max-snippet":"max-snippet:-1","max-image-preview":"max-image-preview:large","max-video-preview":"max-video-preview:-1"},"canonical":"https:\/\/www.ifa-energyservice.it\/de\/team\/","og_locale":"de_DE","og_type":"article","og_title":"Fotovoltaik-Projekte | IFA Energy","og_description":"Unser Expertenteam ber\u00e4t Sie fachkundig bei der Realisierung von Photovoltaik-Projekten.","og_url":"https:\/\/www.ifa-energyservice.it\/de\/team\/","og_site_name":"IFA-Energyservice","article_modified_time":"2024-07-26T15:20:15+00:00","twitter_card":"summary_large_image","twitter_misc":{"Gesch\u00e4tzte Lesezeit":"2\u00a0Minuten"},"schema":{"@context":"https:\/\/schema.org","@graph":[{"@type":"WebPage","@id":"https:\/\/www.ifa-energyservice.it\/de\/team\/","url":"https:\/\/www.ifa-energyservice.it\/de\/team\/","name":"Fotovoltaik-Projekte | IFA Energy","isPartOf":{"@id":"https:\/\/www.ifa-energyservice.it\/de\/#website"},"datePublished":"2024-05-08T08:50:22+00:00","dateModified":"2024-07-26T15:20:15+00:00","description":"Unser Expertenteam ber\u00e4t Sie fachkundig bei der Realisierung von Photovoltaik-Projekten.","breadcrumb":{"@id":"https:\/\/www.ifa-energyservice.it\/de\/team\/#breadcrumb"},"inLanguage":"de","potentialAction":[{"@type":"ReadAction","target":["https:\/\/www.ifa-energyservice.it\/de\/team\/"]}]},{"@type":"BreadcrumbList","@id":"https:\/\/www.ifa-energyservice.it\/de\/team\/#breadcrumb","itemListElement":[{"@type":"ListItem","position":1,"name":"Startseite","item":"https:\/\/www.ifa-energyservice.it\/de\/home\/"},{"@type":"ListItem","position":2,"name":"Team"}]},{"@type":"WebSite","@id":"https:\/\/www.ifa-energyservice.it\/de\/#website","url":"https:\/\/www.ifa-energyservice.it\/de\/","name":"IFA-Energyservice","description":"","publisher":{"@id":"https:\/\/www.ifa-energyservice.it\/de\/#organization"},"potentialAction":[{"@type":"SearchAction","target":{"@type":"EntryPoint","urlTemplate":"https:\/\/www.ifa-energyservice.it\/de\/?s={search_term_string}"},"query-input":"required name=search_term_string"}],"inLanguage":"de"},{"@type":"Organization","@id":"https:\/\/www.ifa-energyservice.it\/de\/#organization","name":"IFA-Energyservice","url":"https:\/\/www.ifa-energyservice.it\/de\/","logo":{"@type":"ImageObject","inLanguage":"de","@id":"https:\/\/www.ifa-energyservice.it\/de\/#\/schema\/logo\/image\/","url":"https:\/\/i0.wp.com\/www.ifa-energyservice.it\/wp-content\/uploads\/cropped-favicon.png?fit=512%2C512&ssl=1","contentUrl":"https:\/\/i0.wp.com\/www.ifa-energyservice.it\/wp-content\/uploads\/cropped-favicon.png?fit=512%2C512&ssl=1","width":512,"height":512,"caption":"IFA-Energyservice"},"image":{"@id":"https:\/\/www.ifa-energyservice.it\/de\/#\/schema\/logo\/image\/"}}]}},"_links":{"self":[{"href":"https:\/\/www.ifa-energyservice.it\/de\/wp-json\/wp\/v2\/pages\/381","targetHints":{"allow":["GET"]}}],"collection":[{"href":"https:\/\/www.ifa-energyservice.it\/de\/wp-json\/wp\/v2\/pages"}],"about":[{"href":"https:\/\/www.ifa-energyservice.it\/de\/wp-json\/wp\/v2\/types\/page"}],"author":[{"embeddable":true,"href":"https:\/\/www.ifa-energyservice.it\/de\/wp-json\/wp\/v2\/users\/1"}],"replies":[{"embeddable":true,"href":"https:\/\/www.ifa-energyservice.it\/de\/wp-json\/wp\/v2\/comments?post=381"}],"version-history":[{"count":4,"href":"https:\/\/www.ifa-energyservice.it\/de\/wp-json\/wp\/v2\/pages\/381\/revisions"}],"predecessor-version":[{"id":450,"href":"https:\/\/www.ifa-energyservice.it\/de\/wp-json\/wp\/v2\/pages\/381\/revisions\/450"}],"wp:attachment":[{"href":"https:\/\/www.ifa-energyservice.it\/de\/wp-json\/wp\/v2\/media?parent=381"}],"curies":[{"name":"wp","href":"https:\/\/api.w.org\/{rel}","templated":true}]}}