{"id":375,"date":"2024-04-29T09:34:16","date_gmt":"2024-04-29T07:34:16","guid":{"rendered":"https:\/\/www.ifa-energyservice.it\/asset-management\/"},"modified":"2024-07-26T16:14:11","modified_gmt":"2024-07-26T14:14:11","slug":"asset-management","status":"publish","type":"page","link":"https:\/\/www.ifa-energyservice.it\/de\/asset-management\/","title":{"rendered":"Asset Management"},"content":{"rendered":"<p>Mit 20 Jahren Erfahrung unterst\u00fctzen wir Eigent\u00fcmer und Investoren von Photovoltaikparks bei der Umsetzung der effektivsten L\u00f6sungen in verschiedenen Bereichen des Managements:<\/p>\n<ul>\n<li>Produktionskontrolle<\/li>\n<li>O&amp;M-Vertr\u00e4ge mit spezialisierten Unternehmen f\u00fcr Feldoperationen und Beh\u00f6rdenmanagement<\/li>\n<li>Versicherungsschutz<\/li>\n<li>Sicherheitsdienste<\/li>\n<li>Vertr\u00e4ge f\u00fcr den Verkauf von Energie auf dem freien Markt<\/li>\n<li>Vertr\u00e4ge f\u00fcr den Energieverkauf durch PPA ON und OFF Site<\/li>\n<li>Verwaltung und Administration der SPV-Gesellschaften<\/li>\n<li>Investitionsentscheidungen zur Konsolidierung der Anlagen, typischerweise durch Revamping<\/li>\n<li>Businessplan und Finanzierungsstrukturierung<\/li>\n<\/ul>\n","protected":false},"excerpt":{"rendered":"<p>Mit 20 Jahren Erfahrung unterst\u00fctzen wir Eigent\u00fcmer und Investoren von Photovoltaikparks bei der Umsetzung der effektivsten L\u00f6sungen in verschiedenen Bereichen des Managements: Produktionskontrolle O&amp;M-Vertr\u00e4ge mit spezialisierten Unternehmen f\u00fcr Feldoperationen und Beh\u00f6rdenmanagement Versicherungsschutz Sicherheitsdienste Vertr\u00e4ge f\u00fcr den Verkauf von Energie auf dem freien Markt Vertr\u00e4ge f\u00fcr den Energieverkauf durch PPA ON und OFF Site Verwaltung und [&hellip;]<\/p>\n","protected":false},"author":1,"featured_media":79,"parent":0,"menu_order":3,"comment_status":"closed","ping_status":"closed","template":"template-parent.php","meta":{"_acf_changed":false,"footnotes":""},"class_list":["post-375","page","type-page","status-publish","has-post-thumbnail","hentry"],"acf":[],"yoast_head":"<!-- This site is optimized with the Yoast SEO plugin v23.1 - https:\/\/yoast.com\/wordpress\/plugins\/seo\/ -->\n<title>Verm\u00f6gensverwaltung IFA Energy Service<\/title>\n<meta name=\"description\" content=\"Solares Potenzial: Mit 20 Jahren Erfahrung unterst\u00fctzen wir Eigent\u00fcmer und Investoren von Photovoltaikanlagen bei der Suche nach den effektivsten L\u00f6sungen.\" \/>\n<meta name=\"robots\" content=\"index, follow, max-snippet:-1, max-image-preview:large, max-video-preview:-1\" \/>\n<link rel=\"canonical\" href=\"https:\/\/www.ifa-energyservice.it\/de\/asset-management\/\" \/>\n<meta property=\"og:locale\" content=\"de_DE\" \/>\n<meta property=\"og:type\" content=\"article\" \/>\n<meta property=\"og:title\" content=\"Verm\u00f6gensverwaltung IFA Energy Service\" \/>\n<meta property=\"og:description\" content=\"Solares Potenzial: Mit 20 Jahren Erfahrung unterst\u00fctzen wir Eigent\u00fcmer und Investoren von Photovoltaikanlagen bei der Suche nach den effektivsten L\u00f6sungen.\" \/>\n<meta property=\"og:url\" content=\"https:\/\/www.ifa-energyservice.it\/de\/asset-management\/\" \/>\n<meta property=\"og:site_name\" content=\"IFA-Energyservice\" \/>\n<meta property=\"article:modified_time\" content=\"2024-07-26T14:14:11+00:00\" \/>\n<meta property=\"og:image\" content=\"https:\/\/www.ifa-energyservice.it\/wp-content\/uploads\/foreman-businessman-solar-energy-station.jpg\" \/>\n\t<meta property=\"og:image:width\" content=\"2560\" \/>\n\t<meta property=\"og:image:height\" content=\"1707\" \/>\n\t<meta property=\"og:image:type\" content=\"image\/jpeg\" \/>\n<meta name=\"twitter:card\" content=\"summary_large_image\" \/>\n<meta name=\"twitter:label1\" content=\"Gesch\u00e4tzte Lesezeit\" \/>\n\t<meta name=\"twitter:data1\" content=\"2\u00a0Minuten\" \/>\n<script type=\"application\/ld+json\" class=\"yoast-schema-graph\">{\"@context\":\"https:\/\/schema.org\",\"@graph\":[{\"@type\":\"WebPage\",\"@id\":\"https:\/\/www.ifa-energyservice.it\/de\/asset-management\/\",\"url\":\"https:\/\/www.ifa-energyservice.it\/de\/asset-management\/\",\"name\":\"Verm\u00f6gensverwaltung IFA Energy Service\",\"isPartOf\":{\"@id\":\"https:\/\/www.ifa-energyservice.it\/de\/#website\"},\"primaryImageOfPage\":{\"@id\":\"https:\/\/www.ifa-energyservice.it\/de\/asset-management\/#primaryimage\"},\"image\":{\"@id\":\"https:\/\/www.ifa-energyservice.it\/de\/asset-management\/#primaryimage\"},\"thumbnailUrl\":\"https:\/\/i0.wp.com\/www.ifa-energyservice.it\/wp-content\/uploads\/foreman-businessman-solar-energy-station.jpg?fit=2560%2C1707&ssl=1\",\"datePublished\":\"2024-04-29T07:34:16+00:00\",\"dateModified\":\"2024-07-26T14:14:11+00:00\",\"description\":\"Solares Potenzial: Mit 20 Jahren Erfahrung unterst\u00fctzen wir Eigent\u00fcmer und Investoren von Photovoltaikanlagen bei der Suche nach den effektivsten L\u00f6sungen.\",\"breadcrumb\":{\"@id\":\"https:\/\/www.ifa-energyservice.it\/de\/asset-management\/#breadcrumb\"},\"inLanguage\":\"de\",\"potentialAction\":[{\"@type\":\"ReadAction\",\"target\":[\"https:\/\/www.ifa-energyservice.it\/de\/asset-management\/\"]}]},{\"@type\":\"ImageObject\",\"inLanguage\":\"de\",\"@id\":\"https:\/\/www.ifa-energyservice.it\/de\/asset-management\/#primaryimage\",\"url\":\"https:\/\/i0.wp.com\/www.ifa-energyservice.it\/wp-content\/uploads\/foreman-businessman-solar-energy-station.jpg?fit=2560%2C1707&ssl=1\",\"contentUrl\":\"https:\/\/i0.wp.com\/www.ifa-energyservice.it\/wp-content\/uploads\/foreman-businessman-solar-energy-station.jpg?fit=2560%2C1707&ssl=1\",\"width\":2560,\"height\":1707},{\"@type\":\"BreadcrumbList\",\"@id\":\"https:\/\/www.ifa-energyservice.it\/de\/asset-management\/#breadcrumb\",\"itemListElement\":[{\"@type\":\"ListItem\",\"position\":1,\"name\":\"Startseite\",\"item\":\"https:\/\/www.ifa-energyservice.it\/de\/home\/\"},{\"@type\":\"ListItem\",\"position\":2,\"name\":\"Asset Management\"}]},{\"@type\":\"WebSite\",\"@id\":\"https:\/\/www.ifa-energyservice.it\/de\/#website\",\"url\":\"https:\/\/www.ifa-energyservice.it\/de\/\",\"name\":\"IFA-Energyservice\",\"description\":\"\",\"publisher\":{\"@id\":\"https:\/\/www.ifa-energyservice.it\/de\/#organization\"},\"potentialAction\":[{\"@type\":\"SearchAction\",\"target\":{\"@type\":\"EntryPoint\",\"urlTemplate\":\"https:\/\/www.ifa-energyservice.it\/de\/?s={search_term_string}\"},\"query-input\":\"required name=search_term_string\"}],\"inLanguage\":\"de\"},{\"@type\":\"Organization\",\"@id\":\"https:\/\/www.ifa-energyservice.it\/de\/#organization\",\"name\":\"IFA-Energyservice\",\"url\":\"https:\/\/www.ifa-energyservice.it\/de\/\",\"logo\":{\"@type\":\"ImageObject\",\"inLanguage\":\"de\",\"@id\":\"https:\/\/www.ifa-energyservice.it\/de\/#\/schema\/logo\/image\/\",\"url\":\"https:\/\/i0.wp.com\/www.ifa-energyservice.it\/wp-content\/uploads\/cropped-favicon.png?fit=512%2C512&ssl=1\",\"contentUrl\":\"https:\/\/i0.wp.com\/www.ifa-energyservice.it\/wp-content\/uploads\/cropped-favicon.png?fit=512%2C512&ssl=1\",\"width\":512,\"height\":512,\"caption\":\"IFA-Energyservice\"},\"image\":{\"@id\":\"https:\/\/www.ifa-energyservice.it\/de\/#\/schema\/logo\/image\/\"}}]}<\/script>\n<!-- \/ Yoast SEO plugin. -->","yoast_head_json":{"title":"Verm\u00f6gensverwaltung IFA Energy Service","description":"Solares Potenzial: Mit 20 Jahren Erfahrung unterst\u00fctzen wir Eigent\u00fcmer und Investoren von Photovoltaikanlagen bei der Suche nach den effektivsten L\u00f6sungen.","robots":{"index":"index","follow":"follow","max-snippet":"max-snippet:-1","max-image-preview":"max-image-preview:large","max-video-preview":"max-video-preview:-1"},"canonical":"https:\/\/www.ifa-energyservice.it\/de\/asset-management\/","og_locale":"de_DE","og_type":"article","og_title":"Verm\u00f6gensverwaltung IFA Energy Service","og_description":"Solares Potenzial: Mit 20 Jahren Erfahrung unterst\u00fctzen wir Eigent\u00fcmer und Investoren von Photovoltaikanlagen bei der Suche nach den effektivsten L\u00f6sungen.","og_url":"https:\/\/www.ifa-energyservice.it\/de\/asset-management\/","og_site_name":"IFA-Energyservice","article_modified_time":"2024-07-26T14:14:11+00:00","og_image":[{"width":2560,"height":1707,"url":"https:\/\/www.ifa-energyservice.it\/wp-content\/uploads\/foreman-businessman-solar-energy-station.jpg","type":"image\/jpeg"}],"twitter_card":"summary_large_image","twitter_misc":{"Gesch\u00e4tzte Lesezeit":"2\u00a0Minuten"},"schema":{"@context":"https:\/\/schema.org","@graph":[{"@type":"WebPage","@id":"https:\/\/www.ifa-energyservice.it\/de\/asset-management\/","url":"https:\/\/www.ifa-energyservice.it\/de\/asset-management\/","name":"Verm\u00f6gensverwaltung IFA Energy Service","isPartOf":{"@id":"https:\/\/www.ifa-energyservice.it\/de\/#website"},"primaryImageOfPage":{"@id":"https:\/\/www.ifa-energyservice.it\/de\/asset-management\/#primaryimage"},"image":{"@id":"https:\/\/www.ifa-energyservice.it\/de\/asset-management\/#primaryimage"},"thumbnailUrl":"https:\/\/i0.wp.com\/www.ifa-energyservice.it\/wp-content\/uploads\/foreman-businessman-solar-energy-station.jpg?fit=2560%2C1707&ssl=1","datePublished":"2024-04-29T07:34:16+00:00","dateModified":"2024-07-26T14:14:11+00:00","description":"Solares Potenzial: Mit 20 Jahren Erfahrung unterst\u00fctzen wir Eigent\u00fcmer und Investoren von Photovoltaikanlagen bei der Suche nach den effektivsten L\u00f6sungen.","breadcrumb":{"@id":"https:\/\/www.ifa-energyservice.it\/de\/asset-management\/#breadcrumb"},"inLanguage":"de","potentialAction":[{"@type":"ReadAction","target":["https:\/\/www.ifa-energyservice.it\/de\/asset-management\/"]}]},{"@type":"ImageObject","inLanguage":"de","@id":"https:\/\/www.ifa-energyservice.it\/de\/asset-management\/#primaryimage","url":"https:\/\/i0.wp.com\/www.ifa-energyservice.it\/wp-content\/uploads\/foreman-businessman-solar-energy-station.jpg?fit=2560%2C1707&ssl=1","contentUrl":"https:\/\/i0.wp.com\/www.ifa-energyservice.it\/wp-content\/uploads\/foreman-businessman-solar-energy-station.jpg?fit=2560%2C1707&ssl=1","width":2560,"height":1707},{"@type":"BreadcrumbList","@id":"https:\/\/www.ifa-energyservice.it\/de\/asset-management\/#breadcrumb","itemListElement":[{"@type":"ListItem","position":1,"name":"Startseite","item":"https:\/\/www.ifa-energyservice.it\/de\/home\/"},{"@type":"ListItem","position":2,"name":"Asset Management"}]},{"@type":"WebSite","@id":"https:\/\/www.ifa-energyservice.it\/de\/#website","url":"https:\/\/www.ifa-energyservice.it\/de\/","name":"IFA-Energyservice","description":"","publisher":{"@id":"https:\/\/www.ifa-energyservice.it\/de\/#organization"},"potentialAction":[{"@type":"SearchAction","target":{"@type":"EntryPoint","urlTemplate":"https:\/\/www.ifa-energyservice.it\/de\/?s={search_term_string}"},"query-input":"required name=search_term_string"}],"inLanguage":"de"},{"@type":"Organization","@id":"https:\/\/www.ifa-energyservice.it\/de\/#organization","name":"IFA-Energyservice","url":"https:\/\/www.ifa-energyservice.it\/de\/","logo":{"@type":"ImageObject","inLanguage":"de","@id":"https:\/\/www.ifa-energyservice.it\/de\/#\/schema\/logo\/image\/","url":"https:\/\/i0.wp.com\/www.ifa-energyservice.it\/wp-content\/uploads\/cropped-favicon.png?fit=512%2C512&ssl=1","contentUrl":"https:\/\/i0.wp.com\/www.ifa-energyservice.it\/wp-content\/uploads\/cropped-favicon.png?fit=512%2C512&ssl=1","width":512,"height":512,"caption":"IFA-Energyservice"},"image":{"@id":"https:\/\/www.ifa-energyservice.it\/de\/#\/schema\/logo\/image\/"}}]}},"_links":{"self":[{"href":"https:\/\/www.ifa-energyservice.it\/de\/wp-json\/wp\/v2\/pages\/375","targetHints":{"allow":["GET"]}}],"collection":[{"href":"https:\/\/www.ifa-energyservice.it\/de\/wp-json\/wp\/v2\/pages"}],"about":[{"href":"https:\/\/www.ifa-energyservice.it\/de\/wp-json\/wp\/v2\/types\/page"}],"author":[{"embeddable":true,"href":"https:\/\/www.ifa-energyservice.it\/de\/wp-json\/wp\/v2\/users\/1"}],"replies":[{"embeddable":true,"href":"https:\/\/www.ifa-energyservice.it\/de\/wp-json\/wp\/v2\/comments?post=375"}],"version-history":[{"count":2,"href":"https:\/\/www.ifa-energyservice.it\/de\/wp-json\/wp\/v2\/pages\/375\/revisions"}],"predecessor-version":[{"id":439,"href":"https:\/\/www.ifa-energyservice.it\/de\/wp-json\/wp\/v2\/pages\/375\/revisions\/439"}],"wp:featuredmedia":[{"embeddable":true,"href":"https:\/\/www.ifa-energyservice.it\/de\/wp-json\/wp\/v2\/media\/79"}],"wp:attachment":[{"href":"https:\/\/www.ifa-energyservice.it\/de\/wp-json\/wp\/v2\/media?parent=375"}],"curies":[{"name":"wp","href":"https:\/\/api.w.org\/{rel}","templated":true}]}}