{"id":373,"date":"2024-04-23T16:28:51","date_gmt":"2024-04-23T14:28:51","guid":{"rendered":"https:\/\/www.ifa-energyservice.it\/home\/"},"modified":"2024-07-26T16:02:22","modified_gmt":"2024-07-26T14:02:22","slug":"home","status":"publish","type":"page","link":"https:\/\/www.ifa-energyservice.it\/de\/","title":{"rendered":"Home"},"content":{"rendered":"<p>Dank ihrer technologischen Reife ist die Photovoltaik eine der tragenden S\u00e4ulen der Energiewende und bietet weiterhin attraktive Investitionsm\u00f6glichkeiten. F\u00fcr Unternehmen ist sie zudem ein bew\u00e4hrtes Instrument, um die Abh\u00e4ngigkeit von der Volatilit\u00e4t der Energiekosten zu reduzieren.<br \/>\nIFA Energy Service unterst\u00fctzt Kunden bei Photovoltaikprojekten durch ma\u00dfgeschneiderte und unabh\u00e4ngige Beratung. Ziel ist es, Investoren und Unternehmern die notwendigen Informationen bereitzustellen, damit sie fundierte Entscheidungen treffen k\u00f6nnen. In den letzten 20 Jahren haben wir an zahlreichen Projekten zur Entwicklung, Konstruktion und Verwaltung von Photovoltaik-Gro\u00dfanlagen sowie Dachanlagen f\u00fcr Industrie und Gewerbe gearbeitet.<\/p>\n","protected":false},"excerpt":{"rendered":"<p>Dank ihrer technologischen Reife ist die Photovoltaik eine der tragenden S\u00e4ulen der Energiewende und bietet weiterhin attraktive Investitionsm\u00f6glichkeiten. F\u00fcr Unternehmen ist sie zudem ein bew\u00e4hrtes Instrument, um die Abh\u00e4ngigkeit von der Volatilit\u00e4t der Energiekosten zu reduzieren. IFA Energy Service unterst\u00fctzt Kunden bei Photovoltaikprojekten durch ma\u00dfgeschneiderte und unabh\u00e4ngige Beratung. Ziel ist es, Investoren und Unternehmern die [&hellip;]<\/p>\n","protected":false},"author":1,"featured_media":0,"parent":0,"menu_order":1,"comment_status":"closed","ping_status":"closed","template":"template-home.php","meta":{"_acf_changed":false,"footnotes":""},"class_list":["post-373","page","type-page","status-publish","hentry"],"acf":[],"yoast_head":"<!-- This site is optimized with the Yoast SEO plugin v23.1 - https:\/\/yoast.com\/wordpress\/plugins\/seo\/ -->\n<title>Unterst\u00fctzung Initiativen Photovoltaik IFA Energy Neumarkt<\/title>\n<meta name=\"description\" content=\"Der IFA-Energieservice unterst\u00fctzt Kunden bei Photovoltaik-Initiativen mit der Verantwortung f\u00fcr eine pers\u00f6nliche und unabh\u00e4ngige Beratung.\" \/>\n<meta name=\"robots\" content=\"index, follow, max-snippet:-1, max-image-preview:large, max-video-preview:-1\" \/>\n<link rel=\"canonical\" href=\"https:\/\/www.ifa-energyservice.it\/de\/\" \/>\n<meta property=\"og:locale\" content=\"de_DE\" \/>\n<meta property=\"og:type\" content=\"article\" \/>\n<meta property=\"og:title\" content=\"Unterst\u00fctzung Initiativen Photovoltaik IFA Energy Neumarkt\" \/>\n<meta property=\"og:description\" content=\"Der IFA-Energieservice unterst\u00fctzt Kunden bei Photovoltaik-Initiativen mit der Verantwortung f\u00fcr eine pers\u00f6nliche und unabh\u00e4ngige Beratung.\" \/>\n<meta property=\"og:url\" content=\"https:\/\/www.ifa-energyservice.it\/de\/\" \/>\n<meta property=\"og:site_name\" content=\"IFA-Energyservice\" \/>\n<meta property=\"article:modified_time\" content=\"2024-07-26T14:02:22+00:00\" \/>\n<meta name=\"twitter:card\" content=\"summary_large_image\" \/>\n<meta name=\"twitter:label1\" content=\"Gesch\u00e4tzte Lesezeit\" \/>\n\t<meta name=\"twitter:data1\" content=\"4\u00a0Minuten\" \/>\n<script type=\"application\/ld+json\" class=\"yoast-schema-graph\">{\"@context\":\"https:\/\/schema.org\",\"@graph\":[{\"@type\":\"WebPage\",\"@id\":\"https:\/\/www.ifa-energyservice.it\/de\/\",\"url\":\"https:\/\/www.ifa-energyservice.it\/de\/\",\"name\":\"Unterst\u00fctzung Initiativen Photovoltaik IFA Energy Neumarkt\",\"isPartOf\":{\"@id\":\"https:\/\/www.ifa-energyservice.it\/de\/#website\"},\"datePublished\":\"2024-04-23T14:28:51+00:00\",\"dateModified\":\"2024-07-26T14:02:22+00:00\",\"description\":\"Der IFA-Energieservice unterst\u00fctzt Kunden bei Photovoltaik-Initiativen mit der Verantwortung f\u00fcr eine pers\u00f6nliche und unabh\u00e4ngige Beratung.\",\"breadcrumb\":{\"@id\":\"https:\/\/www.ifa-energyservice.it\/de\/#breadcrumb\"},\"inLanguage\":\"de\",\"potentialAction\":[{\"@type\":\"ReadAction\",\"target\":[\"https:\/\/www.ifa-energyservice.it\/de\/\"]}]},{\"@type\":\"BreadcrumbList\",\"@id\":\"https:\/\/www.ifa-energyservice.it\/de\/#breadcrumb\",\"itemListElement\":[{\"@type\":\"ListItem\",\"position\":1,\"name\":\"Startseite\",\"item\":\"https:\/\/www.ifa-energyservice.it\/de\/home\/\"},{\"@type\":\"ListItem\",\"position\":2,\"name\":\"Home\"}]},{\"@type\":\"WebSite\",\"@id\":\"https:\/\/www.ifa-energyservice.it\/de\/#website\",\"url\":\"https:\/\/www.ifa-energyservice.it\/de\/\",\"name\":\"IFA-Energyservice\",\"description\":\"\",\"publisher\":{\"@id\":\"https:\/\/www.ifa-energyservice.it\/de\/#organization\"},\"potentialAction\":[{\"@type\":\"SearchAction\",\"target\":{\"@type\":\"EntryPoint\",\"urlTemplate\":\"https:\/\/www.ifa-energyservice.it\/de\/?s={search_term_string}\"},\"query-input\":\"required name=search_term_string\"}],\"inLanguage\":\"de\"},{\"@type\":\"Organization\",\"@id\":\"https:\/\/www.ifa-energyservice.it\/de\/#organization\",\"name\":\"IFA-Energyservice\",\"url\":\"https:\/\/www.ifa-energyservice.it\/de\/\",\"logo\":{\"@type\":\"ImageObject\",\"inLanguage\":\"de\",\"@id\":\"https:\/\/www.ifa-energyservice.it\/de\/#\/schema\/logo\/image\/\",\"url\":\"https:\/\/i0.wp.com\/www.ifa-energyservice.it\/wp-content\/uploads\/cropped-favicon.png?fit=512%2C512&ssl=1\",\"contentUrl\":\"https:\/\/i0.wp.com\/www.ifa-energyservice.it\/wp-content\/uploads\/cropped-favicon.png?fit=512%2C512&ssl=1\",\"width\":512,\"height\":512,\"caption\":\"IFA-Energyservice\"},\"image\":{\"@id\":\"https:\/\/www.ifa-energyservice.it\/de\/#\/schema\/logo\/image\/\"}}]}<\/script>\n<!-- \/ Yoast SEO plugin. -->","yoast_head_json":{"title":"Unterst\u00fctzung Initiativen Photovoltaik IFA Energy Neumarkt","description":"Der IFA-Energieservice unterst\u00fctzt Kunden bei Photovoltaik-Initiativen mit der Verantwortung f\u00fcr eine pers\u00f6nliche und unabh\u00e4ngige Beratung.","robots":{"index":"index","follow":"follow","max-snippet":"max-snippet:-1","max-image-preview":"max-image-preview:large","max-video-preview":"max-video-preview:-1"},"canonical":"https:\/\/www.ifa-energyservice.it\/de\/","og_locale":"de_DE","og_type":"article","og_title":"Unterst\u00fctzung Initiativen Photovoltaik IFA Energy Neumarkt","og_description":"Der IFA-Energieservice unterst\u00fctzt Kunden bei Photovoltaik-Initiativen mit der Verantwortung f\u00fcr eine pers\u00f6nliche und unabh\u00e4ngige Beratung.","og_url":"https:\/\/www.ifa-energyservice.it\/de\/","og_site_name":"IFA-Energyservice","article_modified_time":"2024-07-26T14:02:22+00:00","twitter_card":"summary_large_image","twitter_misc":{"Gesch\u00e4tzte Lesezeit":"4\u00a0Minuten"},"schema":{"@context":"https:\/\/schema.org","@graph":[{"@type":"WebPage","@id":"https:\/\/www.ifa-energyservice.it\/de\/","url":"https:\/\/www.ifa-energyservice.it\/de\/","name":"Unterst\u00fctzung Initiativen Photovoltaik IFA Energy Neumarkt","isPartOf":{"@id":"https:\/\/www.ifa-energyservice.it\/de\/#website"},"datePublished":"2024-04-23T14:28:51+00:00","dateModified":"2024-07-26T14:02:22+00:00","description":"Der IFA-Energieservice unterst\u00fctzt Kunden bei Photovoltaik-Initiativen mit der Verantwortung f\u00fcr eine pers\u00f6nliche und unabh\u00e4ngige Beratung.","breadcrumb":{"@id":"https:\/\/www.ifa-energyservice.it\/de\/#breadcrumb"},"inLanguage":"de","potentialAction":[{"@type":"ReadAction","target":["https:\/\/www.ifa-energyservice.it\/de\/"]}]},{"@type":"BreadcrumbList","@id":"https:\/\/www.ifa-energyservice.it\/de\/#breadcrumb","itemListElement":[{"@type":"ListItem","position":1,"name":"Startseite","item":"https:\/\/www.ifa-energyservice.it\/de\/home\/"},{"@type":"ListItem","position":2,"name":"Home"}]},{"@type":"WebSite","@id":"https:\/\/www.ifa-energyservice.it\/de\/#website","url":"https:\/\/www.ifa-energyservice.it\/de\/","name":"IFA-Energyservice","description":"","publisher":{"@id":"https:\/\/www.ifa-energyservice.it\/de\/#organization"},"potentialAction":[{"@type":"SearchAction","target":{"@type":"EntryPoint","urlTemplate":"https:\/\/www.ifa-energyservice.it\/de\/?s={search_term_string}"},"query-input":"required name=search_term_string"}],"inLanguage":"de"},{"@type":"Organization","@id":"https:\/\/www.ifa-energyservice.it\/de\/#organization","name":"IFA-Energyservice","url":"https:\/\/www.ifa-energyservice.it\/de\/","logo":{"@type":"ImageObject","inLanguage":"de","@id":"https:\/\/www.ifa-energyservice.it\/de\/#\/schema\/logo\/image\/","url":"https:\/\/i0.wp.com\/www.ifa-energyservice.it\/wp-content\/uploads\/cropped-favicon.png?fit=512%2C512&ssl=1","contentUrl":"https:\/\/i0.wp.com\/www.ifa-energyservice.it\/wp-content\/uploads\/cropped-favicon.png?fit=512%2C512&ssl=1","width":512,"height":512,"caption":"IFA-Energyservice"},"image":{"@id":"https:\/\/www.ifa-energyservice.it\/de\/#\/schema\/logo\/image\/"}}]}},"_links":{"self":[{"href":"https:\/\/www.ifa-energyservice.it\/de\/wp-json\/wp\/v2\/pages\/373","targetHints":{"allow":["GET"]}}],"collection":[{"href":"https:\/\/www.ifa-energyservice.it\/de\/wp-json\/wp\/v2\/pages"}],"about":[{"href":"https:\/\/www.ifa-energyservice.it\/de\/wp-json\/wp\/v2\/types\/page"}],"author":[{"embeddable":true,"href":"https:\/\/www.ifa-energyservice.it\/de\/wp-json\/wp\/v2\/users\/1"}],"replies":[{"embeddable":true,"href":"https:\/\/www.ifa-energyservice.it\/de\/wp-json\/wp\/v2\/comments?post=373"}],"version-history":[{"count":3,"href":"https:\/\/www.ifa-energyservice.it\/de\/wp-json\/wp\/v2\/pages\/373\/revisions"}],"predecessor-version":[{"id":436,"href":"https:\/\/www.ifa-energyservice.it\/de\/wp-json\/wp\/v2\/pages\/373\/revisions\/436"}],"wp:attachment":[{"href":"https:\/\/www.ifa-energyservice.it\/de\/wp-json\/wp\/v2\/media?parent=373"}],"curies":[{"name":"wp","href":"https:\/\/api.w.org\/{rel}","templated":true}]}}